{"id":2767,"date":"2015-08-12T14:37:01","date_gmt":"2015-08-12T12:37:01","guid":{"rendered":"https:\/\/selectedd.hr\/?page_id=2767"},"modified":"2022-10-20T17:52:52","modified_gmt":"2022-10-20T15:52:52","slug":"contact","status":"publish","type":"page","link":"https:\/\/selectedd.hr\/en\/contact\/","title":{"rendered":"Contact"},"content":{"rendered":"<div class=\"wpb-content-wrapper\"><p>[vc_row][vc_column][vc_empty_space height=&#8221;50px&#8221;][\/vc_column][\/vc_row][vc_row][vc_column width=&#8221;1\/2&#8243;][vc_column_text]<\/p>\n<h4>Our contacts<\/h4>\n<p>[\/vc_column_text][vc_empty_space height=&#8221;23px&#8221;][vc_column_text]<\/p>\n<div class=\"wpb_text_column wpb_content_element \">\n<div class=\"wpb_wrapper\">\n<h3>Where are we?<\/h3>\n<p>Ratkajev prolaz 10, Zagreb<\/p>\n<\/div>\n<\/div>\n<div class=\"vc_empty_space\">Working times:<\/div>\n<div class=\"vc_empty_space\">MONDAY \u2013 FRIDAY: 10 \u2013 20<\/div>\n<div class=\"vc_empty_space\">SATURDAY: 10 \u2013 15<\/div>\n<div class=\"vc_empty_space\"><\/div>\n<div class=\"wpb_text_column wpb_content_element \">\n<div class=\"wpb_wrapper\">\n<h3>Contact us:<\/h3>\n<p>Number: <a href=\"http:\/\/+385%2091%202012%20456\/\">+385 91 2012 456<\/a><br \/>\nE-mail: <a href=\"mailto:contact@selectedd.hr\" target=\"_blank\" rel=\"noopener noreferrer\">contact@selectedd.hr<\/a><\/p>\n<\/div>\n<\/div>\n<p>&nbsp;<\/p>\n<p><strong>Minuta dvije d.o.o.<\/strong><br \/>\n<strong>Mati\u010dni broj subjekta<\/strong>: 080675569<br \/>\nDru\u0161tvo je upisano U sudski registar Trgova\u010dkog suda u Zagrebu.<br \/>\nTemeljni kapital dru\u0161tva iznosi 20.000,00 kn i upla\u0107en je u cijelosti.<br \/>\n<strong>IBAN<\/strong>: HR 7424020061100538968<br \/>\n<strong>SWIFT<\/strong>: ESBCH22<br \/>\n<strong>Mati\u010dni bro<\/strong>j: 2446227<br \/>\n<strong>OIB<\/strong>: 29741046377<\/p>\n<p><strong>Uprava<\/strong>:<br \/>\nNives Borko, direktor[\/vc_column_text][\/vc_column][vc_column width=&#8221;1\/2&#8243;][vc_column_text]<\/p>\n<h4>Message us<\/h4>\n<p>[\/vc_column_text][vc_empty_space height=&#8221;23px&#8221;]\n<div class=\"wpcf7 no-js\" id=\"wpcf7-f3184-o1\" lang=\"hr\" dir=\"ltr\" data-wpcf7-id=\"3184\">\n<div class=\"screen-reader-response\"><p role=\"status\" aria-live=\"polite\" aria-atomic=\"true\"><\/p> <ul><\/ul><\/div>\n<form action=\"\/en\/wp-json\/wp\/v2\/pages\/2767#wpcf7-f3184-o1\" method=\"post\" class=\"wpcf7-form init\" aria-label=\"Kontakt obrazac\" novalidate=\"novalidate\" data-status=\"init\">\n<fieldset class=\"hidden-fields-container\"><input type=\"hidden\" name=\"_wpcf7\" value=\"3184\" \/><input type=\"hidden\" name=\"_wpcf7_version\" value=\"6.1.5\" \/><input type=\"hidden\" name=\"_wpcf7_locale\" value=\"hr\" \/><input type=\"hidden\" name=\"_wpcf7_unit_tag\" value=\"wpcf7-f3184-o1\" \/><input type=\"hidden\" name=\"_wpcf7_container_post\" value=\"0\" \/><input type=\"hidden\" name=\"_wpcf7_posted_data_hash\" value=\"\" \/>\n<\/fieldset>\n<p class=\"half\"> Your name (required)<br \/>\n<span class=\"wpcf7-form-control-wrap\" data-name=\"your-name\"><input size=\"40\" maxlength=\"400\" class=\"wpcf7-form-control wpcf7-text wpcf7-validates-as-required\" aria-required=\"true\" aria-invalid=\"false\" value=\"\" type=\"text\" name=\"your-name\" \/><\/span>\n<\/p>\n<p class=\"half\"> Email address (required)<br \/>\n<span class=\"wpcf7-form-control-wrap\" data-name=\"your-email\"><input size=\"40\" maxlength=\"400\" class=\"wpcf7-form-control wpcf7-email wpcf7-validates-as-required wpcf7-text wpcf7-validates-as-email\" aria-required=\"true\" aria-invalid=\"false\" value=\"\" type=\"email\" name=\"your-email\" \/><\/span>\n<\/p>\n<p><label> Your message<br \/>\n<span class=\"wpcf7-form-control-wrap\" data-name=\"your-message\"><textarea cols=\"40\" rows=\"4\" maxlength=\"2000\" class=\"wpcf7-form-control wpcf7-textarea\" aria-invalid=\"false\" name=\"your-message\"><\/textarea><\/span> <\/label>\n<\/p>\n<p><input class=\"wpcf7-form-control wpcf7-submit has-spinner\" type=\"submit\" value=\"Send\" \/>\n<\/p><div class=\"wpcf7-response-output\" aria-hidden=\"true\"><\/div>\n<\/form>\n<\/div>\n[\/vc_column][\/vc_row][vc_row][vc_column][vc_empty_space height=&#8221;50px&#8221;][\/vc_column][\/vc_row]<\/p>\n<\/div>","protected":false},"excerpt":{"rendered":"<p>[vc_row][vc_column][vc_empty_space height=&#8221;50px&#8221;][\/vc_column][\/vc_row][vc_row][vc_column width=&#8221;1\/2&#8243;][vc_column_text] Our contacts [\/vc_column_text][vc_empty_space height=&#8221;23px&#8221;][vc_column_text] Where are we? Ratkajev prolaz 10, Zagreb Working times: MONDAY \u2013 FRIDAY: 10 \u2013 20 SATURDAY: 10 \u2013 15 Contact us: Number: +385 91 2012 456 E-mail: contact@selectedd.hr &nbsp; Minuta dvije d.o.o. Mati\u010dni broj subjekta: 080675569 Dru\u0161tvo je upisano U sudski registar Trgova\u010dkog suda u Zagrebu. Temeljni kapital &hellip;<\/p>\n","protected":false},"author":1,"featured_media":0,"parent":0,"menu_order":0,"comment_status":"closed","ping_status":"closed","template":"","meta":{"footnotes":""},"class_list":["post-2767","page","type-page","status-publish","hentry"],"_links":{"self":[{"href":"https:\/\/selectedd.hr\/en\/wp-json\/wp\/v2\/pages\/2767","targetHints":{"allow":["GET"]}}],"collection":[{"href":"https:\/\/selectedd.hr\/en\/wp-json\/wp\/v2\/pages"}],"about":[{"href":"https:\/\/selectedd.hr\/en\/wp-json\/wp\/v2\/types\/page"}],"author":[{"embeddable":true,"href":"https:\/\/selectedd.hr\/en\/wp-json\/wp\/v2\/users\/1"}],"replies":[{"embeddable":true,"href":"https:\/\/selectedd.hr\/en\/wp-json\/wp\/v2\/comments?post=2767"}],"version-history":[{"count":0,"href":"https:\/\/selectedd.hr\/en\/wp-json\/wp\/v2\/pages\/2767\/revisions"}],"wp:attachment":[{"href":"https:\/\/selectedd.hr\/en\/wp-json\/wp\/v2\/media?parent=2767"}],"curies":[{"name":"wp","href":"https:\/\/api.w.org\/{rel}","templated":true}]}}