{"id":2777,"date":"2018-09-07T15:02:07","date_gmt":"2018-09-07T13:02:07","guid":{"rendered":"https:\/\/selectedd.hr\/?page_id=2777"},"modified":"2018-09-29T12:31:34","modified_gmt":"2018-09-29T10:31:34","slug":"basic-information","status":"publish","type":"page","link":"https:\/\/selectedd.hr\/en\/basic-information\/","title":{"rendered":"Basic information"},"content":{"rendered":"<div class=\"wpb-content-wrapper\"><p>[vc_row type=&#8221;boxed&#8221;][vc_column width=&#8221;5\/6&#8243; offset=&#8221;vc_col-sm-offset-1&#8243;][vc_empty_space height=&#8221;47px&#8221;][\/vc_column][\/vc_row][vc_row type=&#8221;boxed&#8221;][vc_column width=&#8221;1\/4&#8243; offset=&#8221;vc_col-sm-offset-1&#8243;][vc_column_text]<\/p>\n<h4>Osnovni podaci<\/h4>\n<p>[\/vc_column_text][vc_empty_space height=&#8221;17px&#8221;][\/vc_column][vc_column width=&#8221;7\/12&#8243;][vc_column_text]<\/p>\n<h4>Minuta dvije za usluge d.o.o.<\/h4>\n<p>&nbsp;<\/p>\n<p><strong>Mati\u010dni broj subjekta<\/strong>: 080675569<br \/>\nDru\u0161tvo je upisano U sudski registar Trgova\u010dkog suda u Zagrebu.<br \/>\nTemeljni kapital dru\u0161tva iznosi 20.000,00 kn i upla\u0107en je u cijelosti.<br \/>\n<strong>IBAN<\/strong>: HR 7424020061100538968<br \/>\n<strong>SWIFT<\/strong>: ESBCH22<br \/>\n<strong>Mati\u010dni bro<\/strong>j: 2446227<br \/>\n<strong>OIB<\/strong>: 29741046377<\/p>\n<p><strong>E-mailovi<\/strong>:<br \/>\n<a href=\"mailto:contact@selectedd.hr\" target=\"_blank\" rel=\"noopener\">contact@selectedd.hr<\/a><br \/>\n<a href=\"mailto:webshop@selectedd.hr\" target=\"_blank\" rel=\"noopener\">webshop@selectedd.hr<\/a><br \/>\n<a href=\"mailto:nives@minutadvije.hr\" target=\"_blank\" rel=\"noopener\">nives@minutadvije.hr<\/a><br \/>\n<strong>Mob<\/strong>: <a href=\"tel:+385912012456\">+385 91 2012456<\/a><\/p>\n<p><strong>\u010clanovi Uprave<\/strong>:<br \/>\nNives Borko, direktor<br \/>\nMartina Vrdoljak Ranilovi\u0107, direktor[\/vc_column_text][\/vc_column][\/vc_row][vc_row][vc_column][vc_empty_space height=&#8221;47px&#8221;][\/vc_column][\/vc_row]<\/p>\n<\/div>","protected":false},"excerpt":{"rendered":"<p>[vc_row type=&#8221;boxed&#8221;][vc_column width=&#8221;5\/6&#8243; offset=&#8221;vc_col-sm-offset-1&#8243;][vc_empty_space height=&#8221;47px&#8221;][\/vc_column][\/vc_row][vc_row type=&#8221;boxed&#8221;][vc_column width=&#8221;1\/4&#8243; offset=&#8221;vc_col-sm-offset-1&#8243;][vc_column_text] Osnovni podaci [\/vc_column_text][vc_empty_space height=&#8221;17px&#8221;][\/vc_column][vc_column width=&#8221;7\/12&#8243;][vc_column_text] Minuta dvije za usluge d.o.o. &nbsp; Mati\u010dni broj subjekta: 080675569 Dru\u0161tvo je upisano U sudski registar Trgova\u010dkog suda u Zagrebu. Temeljni kapital dru\u0161tva iznosi 20.000,00 kn i upla\u0107en je u cijelosti. IBAN: HR 7424020061100538968 SWIFT: ESBCH22 Mati\u010dni broj: 2446227 OIB: 29741046377 E-mailovi: &hellip;<\/p>\n","protected":false},"author":1,"featured_media":0,"parent":0,"menu_order":0,"comment_status":"closed","ping_status":"closed","template":"","meta":{"footnotes":""},"class_list":["post-2777","page","type-page","status-publish","hentry"],"_links":{"self":[{"href":"https:\/\/selectedd.hr\/en\/wp-json\/wp\/v2\/pages\/2777","targetHints":{"allow":["GET"]}}],"collection":[{"href":"https:\/\/selectedd.hr\/en\/wp-json\/wp\/v2\/pages"}],"about":[{"href":"https:\/\/selectedd.hr\/en\/wp-json\/wp\/v2\/types\/page"}],"author":[{"embeddable":true,"href":"https:\/\/selectedd.hr\/en\/wp-json\/wp\/v2\/users\/1"}],"replies":[{"embeddable":true,"href":"https:\/\/selectedd.hr\/en\/wp-json\/wp\/v2\/comments?post=2777"}],"version-history":[{"count":0,"href":"https:\/\/selectedd.hr\/en\/wp-json\/wp\/v2\/pages\/2777\/revisions"}],"wp:attachment":[{"href":"https:\/\/selectedd.hr\/en\/wp-json\/wp\/v2\/media?parent=2777"}],"curies":[{"name":"wp","href":"https:\/\/api.w.org\/{rel}","templated":true}]}}