{"id":11566,"date":"2020-11-25T15:53:41","date_gmt":"2020-11-25T14:53:41","guid":{"rendered":"https:\/\/selectedd.hr\/?post_type=product&#038;p=11566"},"modified":"2024-03-08T15:28:15","modified_gmt":"2024-03-08T14:28:15","slug":"dr-houseplant","status":"publish","type":"product","link":"https:\/\/selectedd.hr\/en\/product\/dr-houseplant\/","title":{"rendered":"Dr. Houseplant"},"content":{"rendered":"<p><span style=\"font-weight: 400\">Postaje li va\u0161a Monstera (deliciosa) <\/span><i><span style=\"font-weight: 400\">monstruozna<\/span><\/i><span style=\"font-weight: 400\">? Svekrvin jezik izgleda bolesno? Lirasti fikus vam je po\u010deo blijedjeti? Zlatni puzavac je po\u010deo gubiti li\u0161\u0107e? <\/span><span style=\"font-weight: 400\"><br \/>\n<\/span><span style=\"font-weight: 400\">\u010casopis Dr. Houseplant va\u0161 je klju\u010d za bogato, razlistano i njegovano ku\u0107no bilje.<\/span><\/p>\n<p><span style=\"font-weight: 400\">Osna\u017eite svoju ljubav prema bilju i uz pomo\u0107 ovoga vodi\u010da nau\u010dite pru\u017eati najbolju njegu svojim omiljenim sobnim biljkama. Zahvaljuju\u0107i pregr\u0161t informacija \u2013 od odabira zdravih i prikladnih biljaka do pripreme, za njihov procvat, podr\u017eavaju\u0107e klime u va\u0161em domu, Dr. Houseplant je rje\u0161enje za sve ljubitelje biljaka, bez obzira jeste li osoba sa ili bez imalo iskustva!<\/span><\/p>\n<p><span style=\"font-weight: 400\">Knjiga opisuje do najmanjih detalja sve \u0161to vole 42 najpopularnije sobne biljke, uklju\u010duju\u0107i paprati i kaktuse. Svaki odjeljak naoru\u017eat \u0107e vas korisnim i detaljnim informacijama o stvaranju idealnih uvjeta za svaku vrstu biljaka: od zalijevanja, hranjenja i\u00a0 temperature. Tako\u0111er, uz servisne informacije, dat \u0107e vam dati korisne odgovore i preporuke kako prepoznati i lije\u010diti uobi\u010dajene prijetnje i napasti za biljne ljubimce\u00a0 poput \u0161teto\u010dina, gljivi\u010dnih bolesti \u2013 za svaku biljku.<\/span><\/p>\n<p><span style=\"font-weight: 400\">Zahvaljuju\u0107i dojmljivim fotografijama koje zorno prikazuju ljepotu i \u017eivot koje biljke mogu unijeti u va\u0161 dom, dr. Houseplant \u0107e vas inspirirati u stvaranju i njegovanju svog vlastitog ku\u0107nog vrta.<\/span><\/p>\n<p>Jezik: Engleski<\/p>\n<p><span style=\"font-weight: 400\">Tvrdi uvez, Dimenzije 17 x 22 cm<\/span><\/p>\n<p>&nbsp;<\/p>\n","protected":false},"excerpt":{"rendered":"<p><span style=\"font-weight: 400\">Osna\u017eite svoju ljubav prema bilju i uz pomo\u0107 ovoga vodi\u010da nau\u010dite pru\u017eati najbolju njegu svojim omiljenim sobnim biljkama.<\/span><\/p>\n<p>&nbsp;<\/p>\n","protected":false},"featured_media":11569,"comment_status":"open","ping_status":"closed","template":"","meta":[],"product_cat":[375,52,1071,1085],"product_tag":[],"class_list":{"0":"post-11566","1":"product","2":"type-product","3":"status-publish","4":"has-post-thumbnail","6":"product_brand-new-mags","7":"product_cat-knjige-i-casopisi","8":"product_cat-lifestyle","9":"product_cat-lifestyle-knjige","10":"product_cat-pokloni-za-nju","12":"first","13":"outofstock","14":"shipping-taxable","15":"purchasable","16":"product-type-simple"},"_links":{"self":[{"href":"https:\/\/selectedd.hr\/en\/wp-json\/wp\/v2\/product\/11566","targetHints":{"allow":["GET"]}}],"collection":[{"href":"https:\/\/selectedd.hr\/en\/wp-json\/wp\/v2\/product"}],"about":[{"href":"https:\/\/selectedd.hr\/en\/wp-json\/wp\/v2\/types\/product"}],"replies":[{"embeddable":true,"href":"https:\/\/selectedd.hr\/en\/wp-json\/wp\/v2\/comments?post=11566"}],"wp:featuredmedia":[{"embeddable":true,"href":"https:\/\/selectedd.hr\/en\/wp-json\/wp\/v2\/media\/11569"}],"wp:attachment":[{"href":"https:\/\/selectedd.hr\/en\/wp-json\/wp\/v2\/media?parent=11566"}],"wp:term":[{"taxonomy":"product_cat","embeddable":true,"href":"https:\/\/selectedd.hr\/en\/wp-json\/wp\/v2\/product_cat?post=11566"},{"taxonomy":"product_tag","embeddable":true,"href":"https:\/\/selectedd.hr\/en\/wp-json\/wp\/v2\/product_tag?post=11566"}],"curies":[{"name":"wp","href":"https:\/\/api.w.org\/{rel}","templated":true}]}}