{"id":20290,"date":"2022-02-07T16:22:41","date_gmt":"2022-02-07T15:22:41","guid":{"rendered":"https:\/\/selectedd.hr\/?post_type=product&#038;p=20290"},"modified":"2023-08-31T17:29:36","modified_gmt":"2023-08-31T15:29:36","slug":"white-dash-notebook","status":"publish","type":"product","link":"https:\/\/selectedd.hr\/en\/product\/white-dash-notebook\/","title":{"rendered":"White Dash Notebook"},"content":{"rendered":"<p>100 Pages of beautifully smooth, lined, music sheet paper \u2013 covered with a gorgeous, textured and thick FSC GF Smith Paper.<br \/>\nMade in the UK, our notebooks are not only sustainable, but perfect flatly fodder.<br \/>\nWe also don\u2019t like to write \u2018Notes\u2019 on your front cover; you don\u2019t need reminding of your book\u2019s purpose.<br \/>\nAvailable in four Kinshipped prints.<\/p>\n<p>KINSHIPPED, WHITE DASH NOTEBOOK<br \/>\nIz KINSHIPPED studija za ekolo\u0161ki osvije\u0161tenu i odr\u017eivu izradu bilje\u017enica, ukrasnih \u010destitki i papira za zamatanje, dolazi WHITE DASH notes sa 100 stranica savr\u0161eno glatkog i elegantno uvezenog, papira \u010diji omot je napravljen od prekrasnog GF Smith papira bogate teksture.<br \/>\nPapir kori\u0161ten u izradi ove bilje\u017enice ima FSC (Forest Stewardship Council) certifikat kojim se jam\u010di da je njegova proizvodnja u skladu s pravilima pa\u017eljivog i odr\u017eivog gospodarenja \u0161umama te svim procesima proizvodnje na dobrobit drve\u0107a, \u017eivotinja i lokalne zajednice.<\/p>\n","protected":false},"excerpt":{"rendered":"<p>100 Pages of beautifully smooth, lined, music sheet paper \u2013 covered with a gorgeous, textured and thick FSC GF Smith Paper.<\/p>\n","protected":false},"featured_media":20285,"comment_status":"open","ping_status":"closed","template":"","meta":[],"product_cat":[57,1122,118],"product_tag":[],"class_list":{"0":"post-20290","1":"product","2":"type-product","3":"status-publish","4":"has-post-thumbnail","6":"product_brand-kinshipped-en","7":"product_cat-for-her","8":"product_cat-gifts-for-her","9":"product_cat-work","11":"first","12":"outofstock","13":"shipping-taxable","14":"purchasable","15":"product-type-simple"},"_links":{"self":[{"href":"https:\/\/selectedd.hr\/en\/wp-json\/wp\/v2\/product\/20290","targetHints":{"allow":["GET"]}}],"collection":[{"href":"https:\/\/selectedd.hr\/en\/wp-json\/wp\/v2\/product"}],"about":[{"href":"https:\/\/selectedd.hr\/en\/wp-json\/wp\/v2\/types\/product"}],"replies":[{"embeddable":true,"href":"https:\/\/selectedd.hr\/en\/wp-json\/wp\/v2\/comments?post=20290"}],"wp:featuredmedia":[{"embeddable":true,"href":"https:\/\/selectedd.hr\/en\/wp-json\/wp\/v2\/media\/20285"}],"wp:attachment":[{"href":"https:\/\/selectedd.hr\/en\/wp-json\/wp\/v2\/media?parent=20290"}],"wp:term":[{"taxonomy":"product_cat","embeddable":true,"href":"https:\/\/selectedd.hr\/en\/wp-json\/wp\/v2\/product_cat?post=20290"},{"taxonomy":"product_tag","embeddable":true,"href":"https:\/\/selectedd.hr\/en\/wp-json\/wp\/v2\/product_tag?post=20290"}],"curies":[{"name":"wp","href":"https:\/\/api.w.org\/{rel}","templated":true}]}}