{"id":24975,"date":"2023-02-10T11:11:17","date_gmt":"2023-02-10T10:11:17","guid":{"rendered":"https:\/\/selectedd.hr\/?post_type=product&#038;p=24975"},"modified":"2025-12-10T11:40:41","modified_gmt":"2025-12-10T10:40:41","slug":"marjolein-delhaas-journal-31-filip-set-od-3","status":"publish","type":"product","link":"https:\/\/selectedd.hr\/en\/product\/marjolein-delhaas-journal-31-filip-set-od-3\/","title":{"rendered":"Marjolein Delhaas Journal 31 \u2013 Filip, set od 3"},"content":{"rendered":"<p>Ovaj d\u017eepni planer veli\u010dine je manje bilje\u017enice ili putovnice i sadr\u017ei 32 stranice visokokvalitetnog, neobra\u0111enog papira od kojih je 31 stranica ozna\u010dena brojevima 1-31 i jedna pri kraju, bez oznake, koja mo\u017ee poslu\u017eiti za ozna\u010davanje sadr\u017eaja samog planera.<\/p>\n<p>Meki uvez,<br \/>\nVeli\u010dina: 9,7 cm x 14,8 cm<br \/>\nPapir kori\u0161ten za ovaj proizvod nosi certifikat Cradle to Cradle certified\u2122.<br \/>\nCradle to Cradle certified\u2122 je registrirani za\u0161titni znak instituta za inovacije proizvoda koji jam\u010di da je proizvod izra\u0111en u skladu sa globalnim standardima odr\u017eive, kru\u017ene ekonomije.<\/p>\n","protected":false},"excerpt":{"rendered":"<p>Ovaj d\u017eepni planer veli\u010dine je manje bilje\u017enice ili putovnice i sadr\u017ei 32 stranice visokokvalitetnog, neobra\u0111enog papira od kojih je 31 stranica ozna\u010dena brojevima 1-31 i jedna pri kraju, bez oznake, koja mo\u017ee poslu\u017eiti za ozna\u010davanje sadr\u017eaja samog planera.<\/p>\n","protected":false},"featured_media":24979,"comment_status":"open","ping_status":"closed","template":"","meta":[],"product_cat":[1086,1085,1084,117],"product_tag":[],"class_list":{"0":"post-24975","1":"product","2":"type-product","3":"status-publish","4":"has-post-thumbnail","6":"product_brand-marjolein-delhaas","7":"product_cat-pokloni-za-njega","8":"product_cat-pokloni-za-nju","9":"product_cat-poslovni-pokloni","10":"product_cat-ured","11":"pa_color-ljubicasta","12":"pa_color-narancasta","13":"pa_color-zelena","15":"first","16":"outofstock","17":"shipping-taxable","18":"purchasable","19":"product-type-variable"},"_links":{"self":[{"href":"https:\/\/selectedd.hr\/en\/wp-json\/wp\/v2\/product\/24975","targetHints":{"allow":["GET"]}}],"collection":[{"href":"https:\/\/selectedd.hr\/en\/wp-json\/wp\/v2\/product"}],"about":[{"href":"https:\/\/selectedd.hr\/en\/wp-json\/wp\/v2\/types\/product"}],"replies":[{"embeddable":true,"href":"https:\/\/selectedd.hr\/en\/wp-json\/wp\/v2\/comments?post=24975"}],"wp:featuredmedia":[{"embeddable":true,"href":"https:\/\/selectedd.hr\/en\/wp-json\/wp\/v2\/media\/24979"}],"wp:attachment":[{"href":"https:\/\/selectedd.hr\/en\/wp-json\/wp\/v2\/media?parent=24975"}],"wp:term":[{"taxonomy":"product_cat","embeddable":true,"href":"https:\/\/selectedd.hr\/en\/wp-json\/wp\/v2\/product_cat?post=24975"},{"taxonomy":"product_tag","embeddable":true,"href":"https:\/\/selectedd.hr\/en\/wp-json\/wp\/v2\/product_tag?post=24975"}],"curies":[{"name":"wp","href":"https:\/\/api.w.org\/{rel}","templated":true}]}}