{"id":25803,"date":"2023-04-26T11:23:07","date_gmt":"2023-04-26T09:23:07","guid":{"rendered":"https:\/\/selectedd.hr\/?post_type=product&#038;p=25803"},"modified":"2023-04-26T11:40:10","modified_gmt":"2023-04-26T09:40:10","slug":"bread-is-gold","status":"publish","type":"product","link":"https:\/\/selectedd.hr\/en\/product\/bread-is-gold\/","title":{"rendered":"Bread is gold"},"content":{"rendered":"<p>Massimo Bottura, the world\u2019s best chef, prepares extraordinary meals from ordinary and sometimes \u2018wasted\u2019 ingredients inspiring home chefs to eat well while living well.<br \/>\n\u2018These dishes could change the way we feed the world, because they can be cooked by anyone, anywhere, on any budget. To feed the planet, first you have to fight the waste\u2019, Massimo Bottura<br \/>\nBread is Gold is the first book to take a holistic look at the subject of food waste, presenting recipes for three-course meals from 45 of the world\u2019s top chefs, including Daniel Humm, Mario Batali, Ren\u00e9 Redzepi, Alain Ducasse, Joan Roca, Enrique Olvera, Ferran &amp; Albert Adri\u00e0 and Virgilio Mart\u00ednez. These recipes, which number more than 150, turn everyday ingredients into inspiring dishes that are delicious, economical, and easy to make.<\/p>\n<p>Specifications:<br \/>\nWeight: 0,7 kg<br \/>\nDimensions: 20 \u00d7 2,8 \u00d7 26,5 cm<br \/>\nCover: Hardcover<br \/>\nPages: 242<\/p>\n","protected":false},"excerpt":{"rendered":"<p>These recipes, which number more than 150, turn everyday ingredients into inspiring dishes that are delicious, economical, and easy to make.<\/p>\n","protected":false},"featured_media":25796,"comment_status":"open","ping_status":"closed","template":"","meta":[],"product_cat":[376,1107],"product_tag":[],"class_list":{"0":"post-25803","1":"product","2":"type-product","3":"status-publish","4":"has-post-thumbnail","6":"product_brand-phaidon-en","7":"product_cat-books","8":"product_cat-cookbooks","10":"first","11":"outofstock","12":"shipping-taxable","13":"purchasable","14":"product-type-simple"},"_links":{"self":[{"href":"https:\/\/selectedd.hr\/en\/wp-json\/wp\/v2\/product\/25803","targetHints":{"allow":["GET"]}}],"collection":[{"href":"https:\/\/selectedd.hr\/en\/wp-json\/wp\/v2\/product"}],"about":[{"href":"https:\/\/selectedd.hr\/en\/wp-json\/wp\/v2\/types\/product"}],"replies":[{"embeddable":true,"href":"https:\/\/selectedd.hr\/en\/wp-json\/wp\/v2\/comments?post=25803"}],"wp:featuredmedia":[{"embeddable":true,"href":"https:\/\/selectedd.hr\/en\/wp-json\/wp\/v2\/media\/25796"}],"wp:attachment":[{"href":"https:\/\/selectedd.hr\/en\/wp-json\/wp\/v2\/media?parent=25803"}],"wp:term":[{"taxonomy":"product_cat","embeddable":true,"href":"https:\/\/selectedd.hr\/en\/wp-json\/wp\/v2\/product_cat?post=25803"},{"taxonomy":"product_tag","embeddable":true,"href":"https:\/\/selectedd.hr\/en\/wp-json\/wp\/v2\/product_tag?post=25803"}],"curies":[{"name":"wp","href":"https:\/\/api.w.org\/{rel}","templated":true}]}}