{"id":26012,"date":"2023-05-10T11:26:22","date_gmt":"2023-05-10T09:26:22","guid":{"rendered":"https:\/\/selectedd.hr\/?post_type=product&#038;p=26012"},"modified":"2023-05-10T11:29:46","modified_gmt":"2023-05-10T09:29:46","slug":"santacole-cestita-bateria-miguel-mila-2017","status":"publish","type":"product","link":"https:\/\/selectedd.hr\/en\/product\/santacole-cestita-bateria-miguel-mila-2017\/","title":{"rendered":"Santa&amp;Cole Cestita Bater\u00eda Miguel Mil\u00e1, 2017"},"content":{"rendered":"<p>A cordless, portable version, Cestita Bater\u00eda is a lantern that creates an ambience of pleasure anywhere, depicting Chinese shadows in the garden, emanating light from any corner, or on a table. The perfect balance of technology and craftsmanship, the rechargeable lamp offers two lighting intensities.<\/p>\n<p>Overview<\/p>\n<p>\u00b7 Cherry wood structure<br \/>\n\u00b7 White opal glass or white opal polyehtylene lampshade<br \/>\n\u00b7 Lithium battery<br \/>\n\u00b7 Switch incorporated into the luminaire with 3 intensity levels<br \/>\n\u00b7 Power range: 5h on high power \/ 12h on medium power \/ 24h on minimum power<br \/>\n\u00b7 Includes charger<br \/>\n\u00b7 Battery charging time: 6.5 h<br \/>\n\u00b7 To prevent degradation of the lamp, it should not be left outdoors permanently<br \/>\n\u00b7 Light source included (dimmable): Built-in<br \/>\n\u00b7 LED: Output 2,5W \/ Input: 100 ~ 240 V (50 Hz \/ 60 Hz)<br \/>\n\u00b7 Lifetime: 40.000 h<br \/>\n\u00b7 Luminous flux: 313 lm<\/p>\n","protected":false},"excerpt":{"rendered":"<p>A cordless, portable version, Cestita Bater\u00eda is a lantern that creates an ambience of pleasure anywhere, depicting Chinese shadows in the garden, emanating light from any corner, or on a table<\/p>\n","protected":false},"featured_media":26011,"comment_status":"open","ping_status":"closed","template":"","meta":[],"product_cat":[1126,473],"product_tag":[],"class_list":{"0":"post-26012","1":"product","2":"type-product","3":"status-publish","4":"has-post-thumbnail","6":"product_brand-santaandcole-en","7":"product_cat-wireless-lamps","8":"product_cat-lighting-2","10":"first","11":"onbackorder","12":"shipping-taxable","13":"purchasable","14":"product-type-simple"},"_links":{"self":[{"href":"https:\/\/selectedd.hr\/en\/wp-json\/wp\/v2\/product\/26012","targetHints":{"allow":["GET"]}}],"collection":[{"href":"https:\/\/selectedd.hr\/en\/wp-json\/wp\/v2\/product"}],"about":[{"href":"https:\/\/selectedd.hr\/en\/wp-json\/wp\/v2\/types\/product"}],"replies":[{"embeddable":true,"href":"https:\/\/selectedd.hr\/en\/wp-json\/wp\/v2\/comments?post=26012"}],"wp:featuredmedia":[{"embeddable":true,"href":"https:\/\/selectedd.hr\/en\/wp-json\/wp\/v2\/media\/26011"}],"wp:attachment":[{"href":"https:\/\/selectedd.hr\/en\/wp-json\/wp\/v2\/media?parent=26012"}],"wp:term":[{"taxonomy":"product_cat","embeddable":true,"href":"https:\/\/selectedd.hr\/en\/wp-json\/wp\/v2\/product_cat?post=26012"},{"taxonomy":"product_tag","embeddable":true,"href":"https:\/\/selectedd.hr\/en\/wp-json\/wp\/v2\/product_tag?post=26012"}],"curies":[{"name":"wp","href":"https:\/\/api.w.org\/{rel}","templated":true}]}}