{"id":26340,"date":"2023-06-23T11:31:26","date_gmt":"2023-06-23T09:31:26","guid":{"rendered":"https:\/\/selectedd.hr\/?post_type=product&#038;p=26340"},"modified":"2025-07-16T16:57:50","modified_gmt":"2025-07-16T14:57:50","slug":"paradiso","status":"publish","type":"product","link":"https:\/\/selectedd.hr\/en\/product\/paradiso\/","title":{"rendered":"Paradiso"},"content":{"rendered":"<p>Kada je 1993. godine Denis Cotter otvorio restoran Paradiso u centru Corka, \u017eelja mu je bila pokrenuti restoran s modernom, uzbudljivom kuhinjom baziranom na jelima od povr\u0107a. Restoran je ubrzo stekao lokalno i me\u0111unarodno priznanje za svoju revolucionarnu pripremu hrane, a njegova posve\u0107enost lokalnim i sezonskim namirnicama bila je ispred svog vremena.<br \/>\nParadiso se nastavio razvijati tijekom desetlje\u0107a, postav\u0161i simbolom i omiljenim predstavnikom kreativne vege kuhinje, kao i kulinarske scene u Corku, pa se \u010dak razvilo i ime za tzv. Paradiso stil pripreme hrane.<\/p>\n<p>Ova knjiga predstavlja zbirku novih i starih recepata u Paradiso stilu pripreme hrane i na neki na\u010din daje sliku \u0161to je Paradiso danas, uz tek letimi\u010dan osvrt na pro\u0161lost i kratak pogled prema budu\u0107nosti.<br \/>\nOsim recepata, knjiga sadr\u017ei i detaljne opise i upute vezane za neke temeljne elemenate kod pripreme hrane tako da \u0107ete uz ovu kuharicu da\u0161ak Paradisa unijeti u jela koja pripremate kod ku\u0107e!<\/p>\n<p>Tehni\u010dki podaci:<br \/>\nTvrdi uvez<br \/>\nDimenzije: 18 cm x 2,6 cm x 24,5 cm<br \/>\nTe\u017eina: 0,9 kg<br \/>\nBroj stranica: 224<\/p>\n","protected":false},"excerpt":{"rendered":"<p>Ova knjiga predstavlja zbirku novih i starih recepata u Paradiso stilu pripreme hrane i na neki na\u010din daje sliku \u0161to je Paradiso danas, uz tek letimi\u010dan osvrt na pro\u0161lost i kratak pogled prema budu\u0107nosti.<\/p>\n","protected":false},"featured_media":26349,"comment_status":"open","ping_status":"closed","template":"","meta":[],"product_cat":[375,1068],"product_tag":[],"class_list":{"0":"post-26340","1":"product","2":"type-product","3":"status-publish","4":"has-post-thumbnail","6":"product_brand-new-mags","7":"product_cat-knjige-i-casopisi","8":"product_cat-kuharice","10":"first","11":"outofstock","12":"shipping-taxable","13":"purchasable","14":"product-type-simple"},"_links":{"self":[{"href":"https:\/\/selectedd.hr\/en\/wp-json\/wp\/v2\/product\/26340","targetHints":{"allow":["GET"]}}],"collection":[{"href":"https:\/\/selectedd.hr\/en\/wp-json\/wp\/v2\/product"}],"about":[{"href":"https:\/\/selectedd.hr\/en\/wp-json\/wp\/v2\/types\/product"}],"replies":[{"embeddable":true,"href":"https:\/\/selectedd.hr\/en\/wp-json\/wp\/v2\/comments?post=26340"}],"wp:featuredmedia":[{"embeddable":true,"href":"https:\/\/selectedd.hr\/en\/wp-json\/wp\/v2\/media\/26349"}],"wp:attachment":[{"href":"https:\/\/selectedd.hr\/en\/wp-json\/wp\/v2\/media?parent=26340"}],"wp:term":[{"taxonomy":"product_cat","embeddable":true,"href":"https:\/\/selectedd.hr\/en\/wp-json\/wp\/v2\/product_cat?post=26340"},{"taxonomy":"product_tag","embeddable":true,"href":"https:\/\/selectedd.hr\/en\/wp-json\/wp\/v2\/product_tag?post=26340"}],"curies":[{"name":"wp","href":"https:\/\/api.w.org\/{rel}","templated":true}]}}