{"id":26643,"date":"2023-07-10T12:21:57","date_gmt":"2023-07-10T10:21:57","guid":{"rendered":"https:\/\/selectedd.hr\/?post_type=product&#038;p=26643"},"modified":"2024-03-14T14:26:40","modified_gmt":"2024-03-14T13:26:40","slug":"drift-vol-13-berlin","status":"publish","type":"product","link":"https:\/\/selectedd.hr\/en\/product\/drift-vol-13-berlin\/","title":{"rendered":"Drift vol. 13 Berlin"},"content":{"rendered":"<p>Kava je, nakon vode, najvi\u0161e konzumiran napitak u svijetu. Ispijanje kave svojevrsni je svakodnevni ritual i pozadina na kojoj se doga\u0111aju, ili u razgovoru razmjenjuju, neki od najupe\u010datljivijih trenutaka u \u017eivotu. Naime, ispijanje dobre \u0161alice kave mo\u017ee biti jutarnji ritual, ili utje\u0161ni napitak pri u\u017eivanju u \u010ditanju knjige, ili dobrodo\u0161ao izgovor za prvi spoj, a dodatno otkriva onu autenti\u010dnu, lokalnu dimenziju \u017eivota razli\u010ditih mjesta na putovanjima. Mo\u017eda najva\u017enije, kava poja\u010dava do\u017eivljaj i osje\u0107aj za mjesto gdje se ispija te poma\u017ee u stvaranju osje\u0107aja zajedni\u0161tva odre\u0111ene skupine ljudi na jednom mjestu. \u010casopis Drift istra\u017euje taj fenomen i ide korak dalje promatraju\u0107i svijet kroz o\u010di ljudi koji piju i poslu\u017euju kavu \u2013 od gostiju do vlasnika kafi\u0107a, uli\u010dnih prodava\u010da kavenih napitaka i barista, dodatno promatraju\u0107i i gradove u kojima svi oni \u017eive i &#8211; ispijaju kavu. Stranice Drifta vrve pri\u010dama o tome kako kava povezuje ljude i poma\u017ee u oblikovanju kulturnih krajolika diljem svijeta.<\/p>\n<p>Novo, 13. izdanje Drift \u010dasopisa istra\u017euje i predstavlja kiezkulture, odnosno kulturu susjedstva i to u glavnom gradu Njema\u010dke &#8211; Berlinu. Naime, u novije vrijeme Berlin je postao pravi magnet za mlade kreativce iz cijeloga svijeta, \u0161to ga \u010dini jednom od naj\u017eivljih metropola Europe. Dobro primljeni od strane starosjedilaca, ta nova multinacionalna postava ljudi stvorila je svoj dom na svakom kutku ovog grada, donose\u0107i pritom tim \u010detvrtima neke nove i jedinstvene perspektive &#8211; kao i tre\u0107i val kave.<\/p>\n<p>Od Oderbergerstrasse u Kollwitzkiezu do Friedelstrasse u Reuterkiezu, Drift u novom broju predstavlja ljude i mjesta koji Berlin \u010dine, ne samo uzbudljivim mjestom za izra\u017eavanje kreativnosti, ve\u0107 zbog toga i sve boljim mjestom za ispijanje kave.<\/p>\n<p>Tehni\u010dki podaci:<br \/>\nMekani uvez<br \/>\nDimenzije: 22 cm x 1,3 cm x 28 cm<br \/>\nTe\u017eina: 0,6 kg<br \/>\nBroj stranica: 160<\/p>\n","protected":false},"excerpt":{"rendered":"<p>Novo, 13. izdanje Drift \u010dasopisa istra\u017euje i predstavlja kiezkulture, odnosno kulturu susjedstva i to u glavnom gradu Njema\u010dke &#8211; Berlinu.<\/p>\n","protected":false},"featured_media":26644,"comment_status":"open","ping_status":"closed","template":"","meta":[],"product_cat":[1072],"product_tag":[],"class_list":{"0":"post-26643","1":"product","2":"type-product","3":"status-publish","4":"has-post-thumbnail","6":"product_brand-kinfolk","7":"product_cat-lifestyle-casopisi","9":"first","10":"outofstock","11":"shipping-taxable","12":"purchasable","13":"product-type-simple"},"_links":{"self":[{"href":"https:\/\/selectedd.hr\/en\/wp-json\/wp\/v2\/product\/26643","targetHints":{"allow":["GET"]}}],"collection":[{"href":"https:\/\/selectedd.hr\/en\/wp-json\/wp\/v2\/product"}],"about":[{"href":"https:\/\/selectedd.hr\/en\/wp-json\/wp\/v2\/types\/product"}],"replies":[{"embeddable":true,"href":"https:\/\/selectedd.hr\/en\/wp-json\/wp\/v2\/comments?post=26643"}],"wp:featuredmedia":[{"embeddable":true,"href":"https:\/\/selectedd.hr\/en\/wp-json\/wp\/v2\/media\/26644"}],"wp:attachment":[{"href":"https:\/\/selectedd.hr\/en\/wp-json\/wp\/v2\/media?parent=26643"}],"wp:term":[{"taxonomy":"product_cat","embeddable":true,"href":"https:\/\/selectedd.hr\/en\/wp-json\/wp\/v2\/product_cat?post=26643"},{"taxonomy":"product_tag","embeddable":true,"href":"https:\/\/selectedd.hr\/en\/wp-json\/wp\/v2\/product_tag?post=26643"}],"curies":[{"name":"wp","href":"https:\/\/api.w.org\/{rel}","templated":true}]}}