{"id":30068,"date":"2024-03-27T12:07:32","date_gmt":"2024-03-27T11:07:32","guid":{"rendered":"https:\/\/selectedd.hr\/?post_type=product&#038;p=30068"},"modified":"2024-11-10T19:26:29","modified_gmt":"2024-11-10T18:26:29","slug":"new-works-nebra-pendant-lamp-s","status":"publish","type":"product","link":"https:\/\/selectedd.hr\/en\/product\/new-works-nebra-pendant-lamp-s\/","title":{"rendered":"New Works Nebra pendant Lamp, S"},"content":{"rendered":"<p>In a delicate dance between tradition and contemporary dynamism, the Nebra Series emerges\u2014an eloquent response to the timeless pursuit of change. Seamlessly weaving classic design with an interactive, transformative mechanism, the Nebra Series allows you to sculpt your ambience with a soft, sweeping motion, creating a symphony of lighting moods\u2014from ambient glows to intimate downcast. Versatile and poetic, this collection finds its place in diverse spaces, embodying a celebration of light and form.<\/p>\n<p>Specifications<br \/>\nDesigner Lukas Bazle, 2022.<br \/>\nMaterial PES Textile. Frame made of steel and aluminum.<br \/>\nColour\/Variant White<br \/>\nProduct Dimensions \u00d8 400 x H 300 mm, Adjustable shade \u00d8 400 &#8211; \u00d8 750 mm<br \/>\nPackaging Dimensions H 560 x W 600 x D 560 mm<br \/>\nCanopy CE: \u00d8 155 x H 40mm<br \/>\nCord 5000 mm<br \/>\nWeight (Incl. Packaging) 7.2 kg<br \/>\nBulb Integrated LED<br \/>\nLight Source CE: LED 22W, 2700 K 220-240V~ 50\/60Hz Lumen 1500lm<\/p>\n<p>Cleaning &amp; Maintenance<br \/>\nThe lamp is only intended for indoor use. The light bulb and lamp exterior gets hot after prolonged use. Turn off the electricity before cleaning the lamp. Wipe the product with a soft dry cloth. Do not use any abrasive cleaning tools, and never use strong cleaning agents such as household glass cleaner, white spirit, or turpentine.<\/p>\n","protected":false},"excerpt":{"rendered":"<p>In a delicate dance between tradition and contemporary dynamism, the Nebra Series emerges\u2014an eloquent response to the timeless pursuit of change.<\/p>\n","protected":false},"featured_media":30048,"comment_status":"open","ping_status":"closed","template":"","meta":[],"product_cat":[473,1129,606],"product_tag":[],"class_list":{"0":"post-30068","1":"product","2":"type-product","3":"status-publish","4":"has-post-thumbnail","6":"product_brand-new-works-en","7":"product_cat-lighting-2","8":"product_cat-pedant-lamps","9":"product_cat-valentines-day","11":"first","12":"instock","13":"shipping-taxable","14":"purchasable","15":"product-type-simple"},"_links":{"self":[{"href":"https:\/\/selectedd.hr\/en\/wp-json\/wp\/v2\/product\/30068","targetHints":{"allow":["GET"]}}],"collection":[{"href":"https:\/\/selectedd.hr\/en\/wp-json\/wp\/v2\/product"}],"about":[{"href":"https:\/\/selectedd.hr\/en\/wp-json\/wp\/v2\/types\/product"}],"replies":[{"embeddable":true,"href":"https:\/\/selectedd.hr\/en\/wp-json\/wp\/v2\/comments?post=30068"}],"wp:featuredmedia":[{"embeddable":true,"href":"https:\/\/selectedd.hr\/en\/wp-json\/wp\/v2\/media\/30048"}],"wp:attachment":[{"href":"https:\/\/selectedd.hr\/en\/wp-json\/wp\/v2\/media?parent=30068"}],"wp:term":[{"taxonomy":"product_cat","embeddable":true,"href":"https:\/\/selectedd.hr\/en\/wp-json\/wp\/v2\/product_cat?post=30068"},{"taxonomy":"product_tag","embeddable":true,"href":"https:\/\/selectedd.hr\/en\/wp-json\/wp\/v2\/product_tag?post=30068"}],"curies":[{"name":"wp","href":"https:\/\/api.w.org\/{rel}","templated":true}]}}