{"id":30577,"date":"2024-05-02T12:29:26","date_gmt":"2024-05-02T10:29:26","guid":{"rendered":"https:\/\/selectedd.hr\/?post_type=product&#038;p=30577"},"modified":"2024-08-27T15:58:42","modified_gmt":"2024-08-27T13:58:42","slug":"openhouse-no-21","status":"publish","type":"product","link":"https:\/\/selectedd.hr\/en\/product\/openhouse-no-21\/","title":{"rendered":"Openhouse No. 21"},"content":{"rendered":"<p>Dolazi s 2 razli\u010dite naslovnice<\/p>\n<p>Misao koja pro\u017eima novo izdanje Openhouse \u010dasopisa pro\u017eeta je smjelo\u0161\u0107u kojom progovara slavni esej Erazma Rotterdamskog \u201ePohvala ludosti\u201c, a u kojem ludilo tada\u0161njeg dru\u0161tvenog trenutka uspore\u0111uje sa zorom ra\u0111anja novog dana &#8211; dru\u0161tva, s iskrom koja prethodi impulsu za stvaranjem i promjenama poznatih paradigmi.<br \/>\nNa tragu ovih misli je i uvodni tekst Charlotte Taylor o galeriji Side u Barceloni, te predstavljanje djela mladog i neobi\u010dnog britanskog slikara Georgea Rouya koji svojim modernim i apsolutno inovativnim pristupom oslikava svoje vi\u0111enje tjelesnosti danas, i to &#8211; u engleskoj kapelici.<br \/>\nS istim je pristupom temi u novom broju Ark Journala predstavljen i \u010dudesan Riad pod imenom Rosemary belgijske umjetnice Laurence Leenaert u Marrakeshu, koja je tipi\u010dnu formu vrtnog dvori\u0161ta za to podneblje svojim ure\u0111enjem u\u010dinila posebnim i obaveznim za posjetiti. Tako\u0111er, osim spomenutih, \u010ditatelje \u0107e hipnotizirati i ku\u0107a poljsko-brazilskog arhitekte Jorgea Zalszupina kao i ona Marcosa Acayabe u Brazilu.<\/p>\n<p>Te\u017eina: 0,7 kg<br \/>\nDimenzije: 20,5 cm x 1,9 cm x 27,5 cm<br \/>\nMeki uvez<\/p>\n","protected":false},"excerpt":{"rendered":"<p>Misao koja pro\u017eima novo izdanje Openhouse \u010dasopisa pro\u017eeta je smjelo\u0161\u0107u kojom progovara slavni esej Erazma Rotterdamskog \u201ePohvala ludosti\u201c, a u kojem ludilo tada\u0161njeg dru\u0161tvenog trenutka uspore\u0111uje sa zorom ra\u0111anja novog dana &#8211; dru\u0161tva, s iskrom koja prethodi impulsu za stvaranjem i promjenama poznatih paradigmi.<\/p>\n","protected":false},"featured_media":30582,"comment_status":"open","ping_status":"closed","template":"","meta":[],"product_cat":[1072],"product_tag":[1228,1227,1229],"class_list":{"0":"post-30577","1":"product","2":"type-product","3":"status-publish","4":"has-post-thumbnail","6":"product_brand-openhouse","7":"product_cat-lifestyle-casopisi","8":"product_tag-arhitektura","9":"product_tag-dizajn","10":"product_tag-dizajn-interijera","12":"first","13":"outofstock","14":"shipping-taxable","15":"purchasable","16":"product-type-simple"},"_links":{"self":[{"href":"https:\/\/selectedd.hr\/en\/wp-json\/wp\/v2\/product\/30577","targetHints":{"allow":["GET"]}}],"collection":[{"href":"https:\/\/selectedd.hr\/en\/wp-json\/wp\/v2\/product"}],"about":[{"href":"https:\/\/selectedd.hr\/en\/wp-json\/wp\/v2\/types\/product"}],"replies":[{"embeddable":true,"href":"https:\/\/selectedd.hr\/en\/wp-json\/wp\/v2\/comments?post=30577"}],"wp:featuredmedia":[{"embeddable":true,"href":"https:\/\/selectedd.hr\/en\/wp-json\/wp\/v2\/media\/30582"}],"wp:attachment":[{"href":"https:\/\/selectedd.hr\/en\/wp-json\/wp\/v2\/media?parent=30577"}],"wp:term":[{"taxonomy":"product_cat","embeddable":true,"href":"https:\/\/selectedd.hr\/en\/wp-json\/wp\/v2\/product_cat?post=30577"},{"taxonomy":"product_tag","embeddable":true,"href":"https:\/\/selectedd.hr\/en\/wp-json\/wp\/v2\/product_tag?post=30577"}],"curies":[{"name":"wp","href":"https:\/\/api.w.org\/{rel}","templated":true}]}}