{"id":30982,"date":"2024-06-04T12:45:07","date_gmt":"2024-06-04T10:45:07","guid":{"rendered":"https:\/\/selectedd.hr\/?post_type=product&#038;p=30982"},"modified":"2025-09-11T16:24:52","modified_gmt":"2025-09-11T14:24:52","slug":"kako-magazin-br-2","status":"publish","type":"product","link":"https:\/\/selectedd.hr\/en\/product\/kako-magazin-br-2\/","title":{"rendered":"K\u00e0ko magazin, br. 2"},"content":{"rendered":"<p>U drugom broju bavimo se temom ulice na najrazli\u010ditije mogu\u0107e na\u010dine.<\/p>\n<p>Slaven Kosanovi\u0107 i Mislav Le\u0161i\u0107-\u0110urakov u ovom su broju intervjuirali jedan drugoga o umjetni\u010dkom radu, magazinima, stripovima i glazbi koji su ih oblikovali tijekom odrastanja te zaronili u usporedbe street art scene osamdesetih s dana\u0161njom. Petra Slobodnjak kroz fotografije je ispri\u010dala pri\u010du o Pe\u0161\u010denici, Emil \u010can\u010dar donio nam je reporta\u017eu o su\u017eivotu zagreba\u010dkih ulica i dostavlja\u010da hrane, a Duje Kova\u010devi\u0107 analizirao \u0161to ulica daje i oduzima LGBT zajednici.<\/p>\n<p>\u017deljka Klemen\u010di\u0107 i Ivan Blagaji\u0107 napisali su sentimentalne pri\u010de o odrastanju na ulici dok joj je Reper iz sobe posvetio odu. Kroz ovaj broj propitujemo i za\u0161to sjedimo na ulici i \u0161to je ulica u kontekstu odrastanja na selu, \u0161to ona zna\u010di za \u017eene koje u Vijetnamu prodaju vo\u0107e i kako je odredila \u017eivot jednog sakuplja\u010da autograma koji je prije sto godina dvaput obi\u0161ao svijet &#8211; pje\u0161ice.<\/p>\n<p>U stvaranju drugog broja sudjelovali su:<\/p>\n<p>glavna urednica Nives Bo\u0161njak, grafi\u010dki urednik Alen Mari\u0107, osniva\u010d Ivan Blagaji\u0107,<\/p>\n<p>autori\/ce Emil \u010can\u010dar, \u017deljka Klemen\u010dic\u0301, Slaven Kosanovi\u0107 Lunar, Duje Kova\u010devi\u0107, Mislav Le\u0161i\u0107\u2013\u0110urakov, Reper iz sobe i Petra Slobodnjak,<\/p>\n<p>te suradnici\/ce \u017deljko i Marinka Car, Antonija \u010cuvalo, Arhiv To\u0161o Dabac, Bikash, Matea Brstilo Re\u0161etar, Mike, Stanko Perica, Luka Pe\u0161un, Iva Prosoli, Katarina Nina Simon\u010di\u0107, Simranjit, Thaizeer, Dong Quang Trung.<\/p>\n<p>K\u00e0ko magazin je tiskan u Kerschoffset tiskari na 250-gramskom (naslovnica) te 120-gramskom (knji\u017eni blok) recikliranom papiru Nautilus.<\/p>\n<p>Kori\u0161tena je tipografija Greta Sans Pro i Greta Display Pro Petera Bi\u013eaka i Nikole \u0110ureka.<\/p>\n","protected":false},"excerpt":{"rendered":"<p>U drugom broju bavimo se temom ulice na najrazli\u010ditije mogu\u0107e na\u010dine.<\/p>\n","protected":false},"featured_media":30985,"comment_status":"closed","ping_status":"closed","template":"","meta":[],"product_cat":[1072],"product_tag":[],"class_list":{"0":"post-30982","1":"product","2":"type-product","3":"status-publish","4":"has-post-thumbnail","6":"product_brand-kako","7":"product_cat-lifestyle-casopisi","9":"first","10":"outofstock","11":"shipping-taxable","12":"purchasable","13":"product-type-simple"},"_links":{"self":[{"href":"https:\/\/selectedd.hr\/en\/wp-json\/wp\/v2\/product\/30982","targetHints":{"allow":["GET"]}}],"collection":[{"href":"https:\/\/selectedd.hr\/en\/wp-json\/wp\/v2\/product"}],"about":[{"href":"https:\/\/selectedd.hr\/en\/wp-json\/wp\/v2\/types\/product"}],"replies":[{"embeddable":true,"href":"https:\/\/selectedd.hr\/en\/wp-json\/wp\/v2\/comments?post=30982"}],"wp:featuredmedia":[{"embeddable":true,"href":"https:\/\/selectedd.hr\/en\/wp-json\/wp\/v2\/media\/30985"}],"wp:attachment":[{"href":"https:\/\/selectedd.hr\/en\/wp-json\/wp\/v2\/media?parent=30982"}],"wp:term":[{"taxonomy":"product_cat","embeddable":true,"href":"https:\/\/selectedd.hr\/en\/wp-json\/wp\/v2\/product_cat?post=30982"},{"taxonomy":"product_tag","embeddable":true,"href":"https:\/\/selectedd.hr\/en\/wp-json\/wp\/v2\/product_tag?post=30982"}],"curies":[{"name":"wp","href":"https:\/\/api.w.org\/{rel}","templated":true}]}}