{"id":31239,"date":"2024-06-26T13:25:25","date_gmt":"2024-06-26T11:25:25","guid":{"rendered":"https:\/\/selectedd.hr\/?post_type=product&#038;p=31239"},"modified":"2025-12-27T09:58:43","modified_gmt":"2025-12-27T08:58:43","slug":"vogue-004","status":"publish","type":"product","link":"https:\/\/selectedd.hr\/en\/product\/vogue-004\/","title":{"rendered":"Vogue 004"},"content":{"rendered":"<p>Mlada zvijezda svjetske modeling scene Amelia Gray nalazi se na naslovnoj strani \u010detvrtog broja Vogue Adria. Novi broj, ba\u0161 kao \u0161to i sam cover najavljuje, slavi ljeto, a s njime more i vodu kao vrhovni element koji nam omogu\u0107ava bolje razumijevanje sebe samih kao i drugih. Zove nas da budemo fluidniji i prilagodljiviji, da shvatimo povezanost i na\u0161u ulogu u zaga\u0111enju, ali i rje\u0161avanju problema planeta Zemlje.<\/p>\n<p>\u0160to mo\u017eete \u010ditati u novom broju?<br \/>\nS Jadrana nam dolazi zvuk Mediterana u ritmu Velvet festivala, ali i tri posebne morske pri\u010de o knji\u017eevnosti i umjetnosti, ribarenju iz \u017eenske perspektive, i sasvim posebnim podmorskim vinarijama. Nismo zaboravili niti na beauty blagodati vode, ovog puta u formi njezinog ledenog stanja i utjecaja na na\u0161e tijelo.<\/p>\n<p>Donosimo i ujedinjenu PhotoVogue pri\u010du s drugim Vogue edicijama kako bismo kroz radove fotografa podsjetili na osnovne europske vrijednosti.<\/p>\n<p>S Erikom Lust, redateljicom eti\u010dkih i feministi\u010dkih porno filmova razgovarali smo o \u017eenskom zadovoljstvu i osna\u017eivanju.<\/p>\n<p>Vice Tomasovi\u0107 podsje\u0107a nas kako bi Manifest vode trebao zvu\u010dati, dok nam Astrida Neimanis otkriva \u0161to je zapravo hidrofeminizam. Dovoljno razloga za\u0161to smo uronili u duboko plavetnilo u na\u0161oj modnoj pri\u010di.<\/p>\n<p>Tina Lon\u010dar pi\u0161e o materijalima budu\u0107nosti smanjenju otpada, Hungry Sharks nam otkrivaju kako izgleda podvodni teatar, a \u0161to vas jo\u0161 \u010deka na stranicama Vogue Adria, otkrijte u novom broju.<\/p>\n","protected":false},"excerpt":{"rendered":"<p>Novi broj, ba\u0161 kao \u0161to i sam cover najavljuje, slavi ljeto, a s njime more i vodu kao vrhovni element koji nam omogu\u0107ava bolje razumijevanje sebe samih kao i drugih.<\/p>\n","protected":false},"featured_media":31240,"comment_status":"closed","ping_status":"closed","template":"","meta":[],"product_cat":[1072],"product_tag":[],"class_list":{"0":"post-31239","1":"product","2":"type-product","3":"status-publish","4":"has-post-thumbnail","6":"product_brand-vogue-adria","7":"product_cat-lifestyle-casopisi","9":"first","10":"outofstock","11":"shipping-taxable","12":"purchasable","13":"product-type-simple"},"_links":{"self":[{"href":"https:\/\/selectedd.hr\/en\/wp-json\/wp\/v2\/product\/31239","targetHints":{"allow":["GET"]}}],"collection":[{"href":"https:\/\/selectedd.hr\/en\/wp-json\/wp\/v2\/product"}],"about":[{"href":"https:\/\/selectedd.hr\/en\/wp-json\/wp\/v2\/types\/product"}],"replies":[{"embeddable":true,"href":"https:\/\/selectedd.hr\/en\/wp-json\/wp\/v2\/comments?post=31239"}],"wp:featuredmedia":[{"embeddable":true,"href":"https:\/\/selectedd.hr\/en\/wp-json\/wp\/v2\/media\/31240"}],"wp:attachment":[{"href":"https:\/\/selectedd.hr\/en\/wp-json\/wp\/v2\/media?parent=31239"}],"wp:term":[{"taxonomy":"product_cat","embeddable":true,"href":"https:\/\/selectedd.hr\/en\/wp-json\/wp\/v2\/product_cat?post=31239"},{"taxonomy":"product_tag","embeddable":true,"href":"https:\/\/selectedd.hr\/en\/wp-json\/wp\/v2\/product_tag?post=31239"}],"curies":[{"name":"wp","href":"https:\/\/api.w.org\/{rel}","templated":true}]}}