{"id":34122,"date":"2024-11-04T19:12:42","date_gmt":"2024-11-04T18:12:42","guid":{"rendered":"https:\/\/selectedd.hr\/?post_type=product&#038;p=34122"},"modified":"2024-11-04T19:15:31","modified_gmt":"2024-11-04T18:15:31","slug":"new-mags-bauhaus-a-graphic-novel","status":"publish","type":"product","link":"https:\/\/selectedd.hr\/en\/product\/new-mags-bauhaus-a-graphic-novel\/","title":{"rendered":"New Mags Bauhaus, a graphic novel"},"content":{"rendered":"<p>The main character of this extraordinary graphic novel is not a person but an idea\u2015the school of Bauhaus, which arose in the wake of World War I, and emerged as the fundamental reference point for virtually every avant-garde artistic movement that followed. Visually arresting illustrations and engaging texts place the novel\u2019s protagonist squarely in the middle of the twentieth-century debate on the relationship between technology and culture.<br \/>\nThe novel is divided into three chapters that trace the evolution of the Bauhaus, as its center moved across Germany\u2015from Weimar to Dessau to Berlin\u2015and as its philosophy responded to this economically, politically and intellectually highly charged era in Europe.<br \/>\nSergio Varbella\u2019s inventive drawings bring to life the theories of founder Walter Gropius, as well as the basic design ideals of unity and equity. Valentina Grande\u2019s thoughtful texts highlight crucial moments within the movement\u2019s history and in the lives of principal figures such as Klee, Kandinsky, Josef and Anni Albers, L\u00e1szl\u00f3 and Lucia Moholy-Nagy, Gunta St\u00f6zl, and Mies van der Rohe.<br \/>\nThe perfect introduction to a radical but highly influential chapter in the history of design, this novel shows how the Bauhaus school broke down barriers and built up ideals that are still applied today.<\/p>\n<p>Cover Hardcover<br \/>\nWeight 0,6 kg<br \/>\nDimensions 1.5 x 17.5 x 24.5<br \/>\nPages 128<\/p>\n","protected":false},"excerpt":{"rendered":"<p>The perfect introduction to a radical but highly influential chapter in the history of design, this novel shows how the Bauhaus school broke down barriers and built up ideals that are still applied today.<\/p>\n","protected":false},"featured_media":34113,"comment_status":"closed","ping_status":"closed","template":"","meta":[],"product_cat":[1105],"product_tag":[],"class_list":{"0":"post-34122","1":"product","2":"type-product","3":"status-publish","4":"has-post-thumbnail","6":"product_brand-new-mags-en","7":"product_cat-design-architecture-books","9":"first","10":"outofstock","11":"shipping-taxable","12":"purchasable","13":"product-type-simple"},"_links":{"self":[{"href":"https:\/\/selectedd.hr\/en\/wp-json\/wp\/v2\/product\/34122","targetHints":{"allow":["GET"]}}],"collection":[{"href":"https:\/\/selectedd.hr\/en\/wp-json\/wp\/v2\/product"}],"about":[{"href":"https:\/\/selectedd.hr\/en\/wp-json\/wp\/v2\/types\/product"}],"replies":[{"embeddable":true,"href":"https:\/\/selectedd.hr\/en\/wp-json\/wp\/v2\/comments?post=34122"}],"wp:featuredmedia":[{"embeddable":true,"href":"https:\/\/selectedd.hr\/en\/wp-json\/wp\/v2\/media\/34113"}],"wp:attachment":[{"href":"https:\/\/selectedd.hr\/en\/wp-json\/wp\/v2\/media?parent=34122"}],"wp:term":[{"taxonomy":"product_cat","embeddable":true,"href":"https:\/\/selectedd.hr\/en\/wp-json\/wp\/v2\/product_cat?post=34122"},{"taxonomy":"product_tag","embeddable":true,"href":"https:\/\/selectedd.hr\/en\/wp-json\/wp\/v2\/product_tag?post=34122"}],"curies":[{"name":"wp","href":"https:\/\/api.w.org\/{rel}","templated":true}]}}