{"id":39154,"date":"2025-03-18T16:00:39","date_gmt":"2025-03-18T15:00:39","guid":{"rendered":"https:\/\/selectedd.hr\/?post_type=product&#038;p=39154"},"modified":"2025-03-18T16:03:11","modified_gmt":"2025-03-18T15:03:11","slug":"agapee-thesee-earrings","status":"publish","type":"product","link":"https:\/\/selectedd.hr\/en\/product\/agapee-thesee-earrings\/","title":{"rendered":"Agap\u00e9e Th\u00e9s\u00e9e Earrings"},"content":{"rendered":"<p>A bold reimagining of our Ariane threader earrings, with a striking freshwater pearl and a softly curved loop to keep the thin chain secure.<br \/>\nInspired by the myth of Ariane and the guiding thread she gave Theseus, they symbolize love and guidance, intelligence and intuition.<\/p>\n<ul>\n<li>Height : 76 mm<\/li>\n<li>Weight : 0.7 g<\/li>\n<li>Stone : Freshwater Pearl<\/li>\n<li>Gold plated (gilding : satin)<\/li>\n<li>Ethically made in France<\/li>\n<\/ul>\n<p>&nbsp;<\/p>\n<p class=\"p1\">AGAP\u00c9E is a jewelry brand combining beauty and elegance into timeless pieces which individually tell a story. Our jewels harmoniously associate culture and esthetic to enhance each woman\u2019s charm.<\/p>\n","protected":false},"excerpt":{"rendered":"<p>A bold reimagining of our Ariane threader earrings, with a striking freshwater pearl and a softly curved loop to keep the thin chain secure.<\/p>\n","protected":false},"featured_media":39145,"comment_status":"closed","ping_status":"closed","template":"","meta":[],"product_cat":[57,1114],"product_tag":[],"class_list":{"0":"post-39154","1":"product","2":"type-product","3":"status-publish","4":"has-post-thumbnail","6":"product_brand-agape-en","7":"product_cat-for-her","8":"product_cat-jewelery","10":"first","11":"outofstock","12":"shipping-taxable","13":"purchasable","14":"product-type-simple"},"_links":{"self":[{"href":"https:\/\/selectedd.hr\/en\/wp-json\/wp\/v2\/product\/39154","targetHints":{"allow":["GET"]}}],"collection":[{"href":"https:\/\/selectedd.hr\/en\/wp-json\/wp\/v2\/product"}],"about":[{"href":"https:\/\/selectedd.hr\/en\/wp-json\/wp\/v2\/types\/product"}],"replies":[{"embeddable":true,"href":"https:\/\/selectedd.hr\/en\/wp-json\/wp\/v2\/comments?post=39154"}],"wp:featuredmedia":[{"embeddable":true,"href":"https:\/\/selectedd.hr\/en\/wp-json\/wp\/v2\/media\/39145"}],"wp:attachment":[{"href":"https:\/\/selectedd.hr\/en\/wp-json\/wp\/v2\/media?parent=39154"}],"wp:term":[{"taxonomy":"product_cat","embeddable":true,"href":"https:\/\/selectedd.hr\/en\/wp-json\/wp\/v2\/product_cat?post=39154"},{"taxonomy":"product_tag","embeddable":true,"href":"https:\/\/selectedd.hr\/en\/wp-json\/wp\/v2\/product_tag?post=39154"}],"curies":[{"name":"wp","href":"https:\/\/api.w.org\/{rel}","templated":true}]}}