{"id":39206,"date":"2025-03-18T17:06:39","date_gmt":"2025-03-18T16:06:39","guid":{"rendered":"https:\/\/selectedd.hr\/?post_type=product&#038;p=39206"},"modified":"2025-03-18T17:11:13","modified_gmt":"2025-03-18T16:11:13","slug":"agapee-anafi-choker","status":"publish","type":"product","link":"https:\/\/selectedd.hr\/en\/product\/agapee-anafi-choker\/","title":{"rendered":"Agap\u00e9e, An\u00e1fi Choker"},"content":{"rendered":"<p>An\u00e1fi is a striking choker featuring large, iridescent flat coin pearls.<br \/>\nEach uniquely irregular freshwater pearl shimmers with timeless elegance, for a bold yet refined statement.<\/p>\n<ul>\n<li>Chain length : 43 cm<\/li>\n<li>Stone : Freshwater Pearls<\/li>\n<li>Sterling silver clasp<\/li>\n<\/ul>\n<p>&nbsp;<\/p>\n<p class=\"p1\">AGAP\u00c9E is a jewelry brand combining beauty and elegance into timeless pieces which individually tell a story. Our jewels harmoniously associate culture and esthetic to enhance each woman\u2019s charm.<\/p>\n","protected":false},"excerpt":{"rendered":"<p>An\u00e1fi is a striking choker featuring large, iridescent flat coin pearls.<\/p>\n","protected":false},"featured_media":39195,"comment_status":"closed","ping_status":"closed","template":"","meta":[],"product_cat":[57,1114],"product_tag":[],"class_list":{"0":"post-39206","1":"product","2":"type-product","3":"status-publish","4":"has-post-thumbnail","6":"product_brand-agape-en","7":"product_cat-for-her","8":"product_cat-jewelery","10":"first","11":"outofstock","12":"shipping-taxable","13":"purchasable","14":"product-type-simple"},"_links":{"self":[{"href":"https:\/\/selectedd.hr\/en\/wp-json\/wp\/v2\/product\/39206","targetHints":{"allow":["GET"]}}],"collection":[{"href":"https:\/\/selectedd.hr\/en\/wp-json\/wp\/v2\/product"}],"about":[{"href":"https:\/\/selectedd.hr\/en\/wp-json\/wp\/v2\/types\/product"}],"replies":[{"embeddable":true,"href":"https:\/\/selectedd.hr\/en\/wp-json\/wp\/v2\/comments?post=39206"}],"wp:featuredmedia":[{"embeddable":true,"href":"https:\/\/selectedd.hr\/en\/wp-json\/wp\/v2\/media\/39195"}],"wp:attachment":[{"href":"https:\/\/selectedd.hr\/en\/wp-json\/wp\/v2\/media?parent=39206"}],"wp:term":[{"taxonomy":"product_cat","embeddable":true,"href":"https:\/\/selectedd.hr\/en\/wp-json\/wp\/v2\/product_cat?post=39206"},{"taxonomy":"product_tag","embeddable":true,"href":"https:\/\/selectedd.hr\/en\/wp-json\/wp\/v2\/product_tag?post=39206"}],"curies":[{"name":"wp","href":"https:\/\/api.w.org\/{rel}","templated":true}]}}