{"id":40327,"date":"2025-05-22T11:59:07","date_gmt":"2025-05-22T09:59:07","guid":{"rendered":"https:\/\/selectedd.hr\/?post_type=product&#038;p=40327"},"modified":"2025-12-19T15:01:54","modified_gmt":"2025-12-19T14:01:54","slug":"kako-magazin-br-5-zvuk","status":"publish","type":"product","link":"https:\/\/selectedd.hr\/en\/product\/kako-magazin-br-5-zvuk\/","title":{"rendered":"K\u00e0ko magazin, br.5, Zvuk"},"content":{"rendered":"<p>U petom broju K\u00e0ko magazina pitamo se \u0161to je dobar, a \u0161to lo\u0161 zvuk? Mo\u017eemo li ga vidjeti ili osjetiti? Kako se kreira zvuk u video igrama? Kako u crtanim filmovima? A kako u \u2013 stripu? Kakve veze imaju \u0161utnja i smrt u razli\u010ditim kulturama? Kako \u0107e izgledati prvi koncert Valentina Bo\u0161kovi\u0107a? Kako je zvu\u010dala poezija bizarno notornog Gabrielea D&#8217;Annunzija? Kako zvu\u010di hrana? Jesu li glazbeni instrumenti veganski proizvodi? Ove i niz drugih osebujnih tema, u novom broju K\u00e0ko magazina istra\u017eili su <strong>Neda Batini\u0107<\/strong>, <strong>Valentino Bo\u0161kovi\u0107<\/strong>, <strong>Francesca Duman\u010di\u0107<\/strong>, <strong>Lea Jaja\u0161<\/strong>, <strong>Paula<\/strong>i <strong>Sre\u0107ko Juri\u0161i\u0107<\/strong>, <strong>Valentina Serti\u0107<\/strong> i <strong>Lucija Tunkovi\u0107<\/strong>.<\/p>\n<div id=\"block-28c6d0d977f12a6be61d\" class=\"sqs-block html-block sqs-block-html\" data-block-type=\"2\" data-border-radii=\"{&quot;topLeft&quot;:{&quot;unit&quot;:&quot;px&quot;,&quot;value&quot;:0.0},&quot;topRight&quot;:{&quot;unit&quot;:&quot;px&quot;,&quot;value&quot;:0.0},&quot;bottomLeft&quot;:{&quot;unit&quot;:&quot;px&quot;,&quot;value&quot;:0.0},&quot;bottomRight&quot;:{&quot;unit&quot;:&quot;px&quot;,&quot;value&quot;:0.0}}\">\n<div class=\"sqs-block-content\">\n<div class=\"sqs-html-content\">\n<p class=\"sqsrte-large\">Uz vrhunske pri\u010de, ovaj broj K\u00e0ko magazina upotpunile su fotografije <strong>Brune Kazinoti<\/strong>. U svojoj seriji s Mosora, glavne je uloge dala redatelju, glumcu i umjetniku Hrvoju Cokari\u0107u, i jednom \u2013 magarcu. Njihovi portreti provla\u010de se kroz cijeli broj K\u00e0ko magazina, nude\u0107i nam tiho zvukove planine.<\/p>\n<\/div>\n<\/div>\n<\/div>\n<div id=\"block-yui_3_17_2_1_1747045987172_510859\" class=\"sqs-block html-block sqs-block-html\" data-block-type=\"2\" data-border-radii=\"{&quot;topLeft&quot;:{&quot;unit&quot;:&quot;px&quot;,&quot;value&quot;:0.0},&quot;topRight&quot;:{&quot;unit&quot;:&quot;px&quot;,&quot;value&quot;:0.0},&quot;bottomLeft&quot;:{&quot;unit&quot;:&quot;px&quot;,&quot;value&quot;:0.0},&quot;bottomRight&quot;:{&quot;unit&quot;:&quot;px&quot;,&quot;value&quot;:0.0}}\">\n<div class=\"sqs-block-content\">\n<div class=\"sqs-html-content\">\n<p class=\"sqsrte-large\">K\u00e0ko je magazin neo\u010dekivanih pri\u010da. Izlazi tri puta godi\u0161nje, isklju\u010divo u tiskanom formatu na vrhunskom recikliranom papiru. Njime vas pozivamo da napravite pauzu, ugasite ekrane i posvetite si kvalitetno vrijeme.<\/p>\n<\/div>\n<\/div>\n<\/div>\n","protected":false},"excerpt":{"rendered":"<p>K\u00e0ko je magazin neo\u010dekivanih pri\u010da. Izlazi tri puta godi\u0161nje, isklju\u010divo u tiskanom formatu na vrhunskom recikliranom papiru. Njime vas pozivamo da napravite pauzu, ugasite ekrane i posvetite si kvalitetno vrijeme.<\/p>\n","protected":false},"featured_media":40328,"comment_status":"closed","ping_status":"closed","template":"","meta":[],"product_cat":[375,1072],"product_tag":[],"class_list":{"0":"post-40327","1":"product","2":"type-product","3":"status-publish","4":"has-post-thumbnail","6":"product_brand-kako","7":"product_cat-knjige-i-casopisi","8":"product_cat-lifestyle-casopisi","10":"first","11":"outofstock","12":"shipping-taxable","13":"purchasable","14":"product-type-simple"},"_links":{"self":[{"href":"https:\/\/selectedd.hr\/en\/wp-json\/wp\/v2\/product\/40327","targetHints":{"allow":["GET"]}}],"collection":[{"href":"https:\/\/selectedd.hr\/en\/wp-json\/wp\/v2\/product"}],"about":[{"href":"https:\/\/selectedd.hr\/en\/wp-json\/wp\/v2\/types\/product"}],"replies":[{"embeddable":true,"href":"https:\/\/selectedd.hr\/en\/wp-json\/wp\/v2\/comments?post=40327"}],"wp:featuredmedia":[{"embeddable":true,"href":"https:\/\/selectedd.hr\/en\/wp-json\/wp\/v2\/media\/40328"}],"wp:attachment":[{"href":"https:\/\/selectedd.hr\/en\/wp-json\/wp\/v2\/media?parent=40327"}],"wp:term":[{"taxonomy":"product_cat","embeddable":true,"href":"https:\/\/selectedd.hr\/en\/wp-json\/wp\/v2\/product_cat?post=40327"},{"taxonomy":"product_tag","embeddable":true,"href":"https:\/\/selectedd.hr\/en\/wp-json\/wp\/v2\/product_tag?post=40327"}],"curies":[{"name":"wp","href":"https:\/\/api.w.org\/{rel}","templated":true}]}}