{"id":42038,"date":"2025-09-29T12:59:28","date_gmt":"2025-09-29T10:59:28","guid":{"rendered":"https:\/\/selectedd.hr\/?post_type=product&#038;p=42038"},"modified":"2025-09-29T13:02:54","modified_gmt":"2025-09-29T11:02:54","slug":"printworks-matcha-tools-cafe-kitsune","status":"publish","type":"product","link":"https:\/\/selectedd.hr\/en\/product\/printworks-matcha-tools-cafe-kitsune\/","title":{"rendered":"Printworks Matcha tools &#8211; Caf\u00e9 Kitsun\u00e9"},"content":{"rendered":"<p>Discover our exclusive Matcha Kit, designed in collaboration with Caf\u00e9 Kitsun\u00e9. Presented in an elegant, book-like box, this kit includes all the essential tools for creating the perfect matcha at home. By blending Caf\u00e9 Kitsun\u00e9&#8217;s knowledge of Japanese tea culture with PRINTWORKS&#8217; signature design aesthetic, this kit elevates your tea ritual with both beauty and functionality.<\/p>\n<p>Included in this kit:<\/p>\n<ul>\n<li>1 Bamboo Whisk (Chasen &#8211; \u8336\u7b45)<\/li>\n<li>1 Matcha Spoon (Chashaku &#8211; \u8336\u6753)<\/li>\n<li>1 Matcha Bowl (Chawan &#8211; \u62b9\u8336\u6900).<\/li>\n<\/ul>\n<p>Material: Cover in cloth, tools in bamboo, bowl in ceramics<\/p>\n<p>Color:\u00a0 Beige \/ Multi<\/p>\n<p>Dimensions: 23,5 x 18 x 8 cm<\/p>\n<p>Weight: 0,78 kg<\/p>\n","protected":false},"excerpt":{"rendered":"<p>By blending Caf\u00e9 Kitsun\u00e9&#8217;s knowledge of Japanese tea culture with PRINTWORKS&#8217; signature design aesthetic, this kit elevates your tea ritual with both beauty and functionality.<\/p>\n","protected":false},"featured_media":42029,"comment_status":"closed","ping_status":"closed","template":"","meta":[],"product_cat":[1123,1120,1122,1121,61,120],"product_tag":[],"class_list":{"0":"post-42038","1":"product","2":"type-product","3":"status-publish","4":"has-post-thumbnail","6":"product_brand-printworks-en","7":"product_cat-corporate-gifts","8":"product_cat-gifts","9":"product_cat-gifts-for-her","10":"product_cat-gifts-for-him","11":"product_cat-gourmet","12":"product_cat-xmas","14":"first","15":"instock","16":"shipping-taxable","17":"purchasable","18":"product-type-simple"},"_links":{"self":[{"href":"https:\/\/selectedd.hr\/en\/wp-json\/wp\/v2\/product\/42038","targetHints":{"allow":["GET"]}}],"collection":[{"href":"https:\/\/selectedd.hr\/en\/wp-json\/wp\/v2\/product"}],"about":[{"href":"https:\/\/selectedd.hr\/en\/wp-json\/wp\/v2\/types\/product"}],"replies":[{"embeddable":true,"href":"https:\/\/selectedd.hr\/en\/wp-json\/wp\/v2\/comments?post=42038"}],"wp:featuredmedia":[{"embeddable":true,"href":"https:\/\/selectedd.hr\/en\/wp-json\/wp\/v2\/media\/42029"}],"wp:attachment":[{"href":"https:\/\/selectedd.hr\/en\/wp-json\/wp\/v2\/media?parent=42038"}],"wp:term":[{"taxonomy":"product_cat","embeddable":true,"href":"https:\/\/selectedd.hr\/en\/wp-json\/wp\/v2\/product_cat?post=42038"},{"taxonomy":"product_tag","embeddable":true,"href":"https:\/\/selectedd.hr\/en\/wp-json\/wp\/v2\/product_tag?post=42038"}],"curies":[{"name":"wp","href":"https:\/\/api.w.org\/{rel}","templated":true}]}}