{"id":43578,"date":"2026-01-20T14:29:35","date_gmt":"2026-01-20T13:29:35","guid":{"rendered":"https:\/\/selectedd.hr\/?post_type=product&#038;p=43578"},"modified":"2026-01-20T14:33:07","modified_gmt":"2026-01-20T13:33:07","slug":"santacole-basica-minima-bateria","status":"publish","type":"product","link":"https:\/\/selectedd.hr\/en\/product\/santacole-basica-minima-bateria\/","title":{"rendered":"Santa&amp;Cole, B\u00e1sica M\u00ednima Bater\u00eda"},"content":{"rendered":"<p>Santiago Roqueta, 2021<br \/>\nThe portable version of the B\u00e1sica M\u00ednima preserves the essence of its wired counterpart, championing a more artisanal and approachable modernity, now enhanced by the practicality of technology. Its cylindrical structure is crafted from birchwood and features two types of shades: hand-stitched beige parchment and hand-ribboned parchment, both meticulously assembled by artisans. With a gentle tap on its graphite-finished base, the lamp switches on and off, making it a light and practical companion.<\/p>\n<p>Lampshade: Natural ribbon; Stitched beige parchment<br \/>\nMetallic base with graphite finish<\/p>\n<p>Switch incorporated into the luminaire with 2 levels of intensity.<\/p>\n<p>Lithium battery<\/p>\n<p>Power Range:<\/p>\n<p>\u2013 7h on high power<\/p>\n<p>\u2013 14h on minimum power<\/p>\n<p>Includes contact charger.<\/p>\n<p>Battery charging time: \u00a0 5h<\/p>\n<p>To prevent degradation of the lamp, it should not be left outdoors permanently.<\/p>\n<p>Electric cable length\u00a0\u00a0\u00a0\u00a0\u00a0\u00a0 0 m<br \/>\nWeight\u00a0\u00a0\u00a0\u00a0\u00a0\u00a0\u00a0\u00a0\u00a0\u00a0\u00a0\u00a0\u00a0\u00a0\u00a0\u00a0\u00a0\u00a0\u00a0\u00a0\u00a0\u00a0\u00a0\u00a0\u00a0\u00a0\u00a0\u00a0\u00a0\u00a0\u00a0\u00a0 0,8 kg<br \/>\nLight source included \/ Recommended light source:\u00a0\u00a0\u00a0\u00a0\u00a0\u00a0 LED bulb<br \/>\nRated input wattage\u00a0\u00a0\u00a0\u00a0\u00a0 (S&amp;C DC bulb) 1 W<\/p>\n","protected":false},"excerpt":{"rendered":"<p>The portable version of the B\u00e1sica M\u00ednima preserves the essence of its wired counterpart, championing a more artisanal and approachable modernity.<\/p>\n","protected":false},"featured_media":43561,"comment_status":"closed","ping_status":"closed","template":"","meta":[],"product_cat":[473,1126],"product_tag":[],"class_list":{"0":"post-43578","1":"product","2":"type-product","3":"status-publish","4":"has-post-thumbnail","6":"product_brand-santaandcole-en","7":"product_cat-lighting-2","8":"product_cat-wireless-lamps","10":"first","11":"onbackorder","12":"shipping-taxable","13":"purchasable","14":"product-type-simple"},"_links":{"self":[{"href":"https:\/\/selectedd.hr\/en\/wp-json\/wp\/v2\/product\/43578","targetHints":{"allow":["GET"]}}],"collection":[{"href":"https:\/\/selectedd.hr\/en\/wp-json\/wp\/v2\/product"}],"about":[{"href":"https:\/\/selectedd.hr\/en\/wp-json\/wp\/v2\/types\/product"}],"replies":[{"embeddable":true,"href":"https:\/\/selectedd.hr\/en\/wp-json\/wp\/v2\/comments?post=43578"}],"wp:featuredmedia":[{"embeddable":true,"href":"https:\/\/selectedd.hr\/en\/wp-json\/wp\/v2\/media\/43561"}],"wp:attachment":[{"href":"https:\/\/selectedd.hr\/en\/wp-json\/wp\/v2\/media?parent=43578"}],"wp:term":[{"taxonomy":"product_cat","embeddable":true,"href":"https:\/\/selectedd.hr\/en\/wp-json\/wp\/v2\/product_cat?post=43578"},{"taxonomy":"product_tag","embeddable":true,"href":"https:\/\/selectedd.hr\/en\/wp-json\/wp\/v2\/product_tag?post=43578"}],"curies":[{"name":"wp","href":"https:\/\/api.w.org\/{rel}","templated":true}]}}