{"id":44302,"date":"2026-03-24T19:18:57","date_gmt":"2026-03-24T18:18:57","guid":{"rendered":"https:\/\/selectedd.hr\/?post_type=product&#038;p=44302"},"modified":"2026-03-24T19:20:26","modified_gmt":"2026-03-24T18:20:26","slug":"the-vegan-kitchen","status":"publish","type":"product","link":"https:\/\/selectedd.hr\/en\/product\/the-vegan-kitchen\/","title":{"rendered":"The Vegan Kitchen"},"content":{"rendered":"<p>The very best plant-based recipes from the bestselling Vegan: The Cookbook, collected in an elegant and easy-to-use new cookbook<\/p>\n<p>The Vegan Kitchen offers a delicious tour of plant-based cooking across countries and cultures. This stylish volume collects 75 of the best recipes from Jean-Christian Jury\u2019s classic compendium Vegan: The Cookbook, highlighting fresh, tasty dishes enjoyed in every corner of the globe.<\/p>\n<p>Here, home cooks will discover creative techniques for transforming vegetables, grains, beans, legumes, and other vegan staple ingredients into exciting, meat-free meals. Chapters on Starters, Salads, Soups, Main Courses, Grains &amp; Beans, Pasta &amp; Noodles, Cakes &amp; Pies, and Dessertsreveal the breadth and creativity of vegan cuisine. Easy-to-follow instructions and vibrant photography make this the perfect book for vegans, vegetarians, and anyone interested in healthier, sustainable eating.<\/p>\n<p>Spanning dishes, such as South Korea\u2019s Kimchi Fried Rice, Caribbean Jerk Chili, and Italy\u2019s Butternut Squash and Sage Risotto, as well as sweet treats, including El Salvador\u2019s ChocoBananas, Malawi\u2019s Blood Orange Cr\u00e8me Br\u00fbl\u00e9e, and America\u2019s Carrot Cake with Cream Cheese Frosting, The Vegan Kitchen invites readers to experience the abundant variety of vegan food around the world.<\/p>\n<p>Weight\u00a0\u00a0\u00a0\u00a0\u00a0\u00a0\u00a0\u00a0\u00a0\u00a0\u00a0\u00a0\u00a0\u00a0\u00a0\u00a0 0.7 kg<br \/>\nDimensions\u00a0\u00a0\u00a0\u00a0\u00a0\u00a0\u00a0 19 \u00d7 1.9 \u00d7 25<br \/>\nCover\u00a0\u00a0\u00a0\u00a0\u00a0\u00a0\u00a0\u00a0\u00a0\u00a0\u00a0\u00a0\u00a0\u00a0\u00a0\u00a0\u00a0\u00a0\u00a0 Hardcover<br \/>\nPages\u00a0\u00a0\u00a0\u00a0\u00a0\u00a0\u00a0\u00a0\u00a0\u00a0\u00a0\u00a0\u00a0\u00a0\u00a0\u00a0\u00a0\u00a0\u00a0 192<\/p>\n","protected":false},"excerpt":{"rendered":"<p>The very best plant-based recipes from the bestselling Vegan: The Cookbook, collected in an elegant and easy-to-use new cookbook<\/p>\n<p>&nbsp;<\/p>\n","protected":false},"featured_media":44289,"comment_status":"closed","ping_status":"closed","template":"","meta":[],"product_cat":[376,1107],"product_tag":[],"class_list":{"0":"post-44302","1":"product","2":"type-product","3":"status-publish","4":"has-post-thumbnail","6":"product_brand-new-mags-en","7":"product_cat-books","8":"product_cat-cookbooks","10":"first","11":"instock","12":"shipping-taxable","13":"purchasable","14":"product-type-simple"},"_links":{"self":[{"href":"https:\/\/selectedd.hr\/en\/wp-json\/wp\/v2\/product\/44302","targetHints":{"allow":["GET"]}}],"collection":[{"href":"https:\/\/selectedd.hr\/en\/wp-json\/wp\/v2\/product"}],"about":[{"href":"https:\/\/selectedd.hr\/en\/wp-json\/wp\/v2\/types\/product"}],"replies":[{"embeddable":true,"href":"https:\/\/selectedd.hr\/en\/wp-json\/wp\/v2\/comments?post=44302"}],"wp:featuredmedia":[{"embeddable":true,"href":"https:\/\/selectedd.hr\/en\/wp-json\/wp\/v2\/media\/44289"}],"wp:attachment":[{"href":"https:\/\/selectedd.hr\/en\/wp-json\/wp\/v2\/media?parent=44302"}],"wp:term":[{"taxonomy":"product_cat","embeddable":true,"href":"https:\/\/selectedd.hr\/en\/wp-json\/wp\/v2\/product_cat?post=44302"},{"taxonomy":"product_tag","embeddable":true,"href":"https:\/\/selectedd.hr\/en\/wp-json\/wp\/v2\/product_tag?post=44302"}],"curies":[{"name":"wp","href":"https:\/\/api.w.org\/{rel}","templated":true}]}}