{"id":5430,"date":"2019-10-03T12:09:17","date_gmt":"2019-10-03T10:09:17","guid":{"rendered":"https:\/\/selectedd.hr\/?post_type=product&#038;p=5430"},"modified":"2022-01-30T23:03:06","modified_gmt":"2022-01-30T22:03:06","slug":"hope","status":"publish","type":"product","link":"https:\/\/selectedd.hr\/en\/product\/hope\/","title":{"rendered":"LEXON HOPE"},"content":{"rendered":"<p>This decorative piggy bank is easy to use and allows you to drop your coins in to save money, without compromising style.<br \/>\nLooks great filled with coins.<\/p>\n<ul>\n<li>Material: PMMA<\/li>\n<li>Dimensions: \u00d8 10 x 12,7 x \u00d8 4,8 cm (\u00d8 4 x 5 x \u00d8 1.9\u201d)<\/li>\n<\/ul>\n","protected":false},"excerpt":{"rendered":"<p>A piggy bank that fits into any interior.<\/p>\n<p>Also available in store.<\/p>\n","protected":false},"featured_media":5429,"comment_status":"open","ping_status":"closed","template":"","meta":[],"product_cat":[1122,1121,324,58,441],"product_tag":[],"class_list":{"0":"post-5430","1":"product","2":"type-product","3":"status-publish","4":"has-post-thumbnail","6":"product_brand-lexon-en","7":"product_cat-gifts-for-her","8":"product_cat-gifts-for-him","9":"product_cat-interior","10":"product_cat-lifestyle","11":"product_cat-home-deco","12":"pa_color-white","13":"pa_color-black","15":"first","16":"outofstock","17":"shipping-taxable","18":"purchasable","19":"product-type-variable"},"_links":{"self":[{"href":"https:\/\/selectedd.hr\/en\/wp-json\/wp\/v2\/product\/5430","targetHints":{"allow":["GET"]}}],"collection":[{"href":"https:\/\/selectedd.hr\/en\/wp-json\/wp\/v2\/product"}],"about":[{"href":"https:\/\/selectedd.hr\/en\/wp-json\/wp\/v2\/types\/product"}],"replies":[{"embeddable":true,"href":"https:\/\/selectedd.hr\/en\/wp-json\/wp\/v2\/comments?post=5430"}],"wp:featuredmedia":[{"embeddable":true,"href":"https:\/\/selectedd.hr\/en\/wp-json\/wp\/v2\/media\/5429"}],"wp:attachment":[{"href":"https:\/\/selectedd.hr\/en\/wp-json\/wp\/v2\/media?parent=5430"}],"wp:term":[{"taxonomy":"product_cat","embeddable":true,"href":"https:\/\/selectedd.hr\/en\/wp-json\/wp\/v2\/product_cat?post=5430"},{"taxonomy":"product_tag","embeddable":true,"href":"https:\/\/selectedd.hr\/en\/wp-json\/wp\/v2\/product_tag?post=5430"}],"curies":[{"name":"wp","href":"https:\/\/api.w.org\/{rel}","templated":true}]}}